{"id":39758,"date":"2026-04-24T22:33:14","date_gmt":"2026-04-24T22:33:14","guid":{"rendered":"https:\/\/dicisasureste.mx\/tienda\/producto\/control-remoto-interruptor-a-juego-de-doble-voltaje-digital-apple-homekit-2\/"},"modified":"2026-04-24T22:33:17","modified_gmt":"2026-04-24T22:33:17","slug":"control-remoto-interruptor-a-juego-de-doble-voltaje-digital-apple-homekit-2","status":"publish","type":"product","link":"https:\/\/dicisasureste.mx\/tienda\/producto\/control-remoto-interruptor-a-juego-de-doble-voltaje-digital-apple-homekit-2\/","title":{"rendered":"Control remoto interruptor a juego de doble voltaje digital  Apple HomeKit\u00a0"},"content":{"rendered":"<p>La pr\u00f3xima generaci\u00f3n de la tecnolog\u00eda de control de iluminaci\u00f3n est\u00e1 aqu\u00ed con el nuevo control remoto interruptor digital a juego Decora\/Decora Smart. Dise\u00f1ado espec\u00edficamente para utilizarse en tres v\u00edas o con hasta cuatro ubicaciones adicionales con los interruptores digitales Decora o Decora Smart de Leviton. Un elegante factor de forma que es compatible con los legendarios productos y placas de pared Decora de Leviton. *No inluye placa.<\/p>\n","protected":false},"excerpt":{"rendered":"<p>Control remoto interruptor a juego de doble voltaje digital Decora\/Decora Smart para usar con interruptores digitales Decora o Decora Smart en aplicaciones de tres v\u00edas o de hasta cuatro ubicaciones adicionales. Localizador LED. El producto viene en blanco, Incluye superficies color marfil y almendra clara. Requiere cable neutro.<\/p>\n","protected":false},"featured_media":17554,"comment_status":"closed","ping_status":"open","template":"","meta":[],"product_brand":[],"product_cat":[204],"product_tag":[216],"class_list":{"0":"post-39758","1":"product","2":"type-product","3":"status-publish","4":"has-post-thumbnail","6":"product_cat-leviton","7":"product_tag-homekit","9":"first","10":"instock","11":"purchasable","12":"product-type-simple"},"_links":{"self":[{"href":"https:\/\/dicisasureste.mx\/tienda\/wp-json\/wp\/v2\/product\/39758","targetHints":{"allow":["GET"]}}],"collection":[{"href":"https:\/\/dicisasureste.mx\/tienda\/wp-json\/wp\/v2\/product"}],"about":[{"href":"https:\/\/dicisasureste.mx\/tienda\/wp-json\/wp\/v2\/types\/product"}],"replies":[{"embeddable":true,"href":"https:\/\/dicisasureste.mx\/tienda\/wp-json\/wp\/v2\/comments?post=39758"}],"wp:featuredmedia":[{"embeddable":true,"href":"https:\/\/dicisasureste.mx\/tienda\/wp-json\/wp\/v2\/media\/17554"}],"wp:attachment":[{"href":"https:\/\/dicisasureste.mx\/tienda\/wp-json\/wp\/v2\/media?parent=39758"}],"wp:term":[{"taxonomy":"product_brand","embeddable":true,"href":"https:\/\/dicisasureste.mx\/tienda\/wp-json\/wp\/v2\/product_brand?post=39758"},{"taxonomy":"product_cat","embeddable":true,"href":"https:\/\/dicisasureste.mx\/tienda\/wp-json\/wp\/v2\/product_cat?post=39758"},{"taxonomy":"product_tag","embeddable":true,"href":"https:\/\/dicisasureste.mx\/tienda\/wp-json\/wp\/v2\/product_tag?post=39758"}],"curies":[{"name":"wp","href":"https:\/\/api.w.org\/{rel}","templated":true}]}}