{"id":39192,"date":"2026-04-24T16:57:26","date_gmt":"2026-04-24T16:57:26","guid":{"rendered":"https:\/\/dicisasureste.mx\/tienda\/producto\/interruptor-termomagnetico-2-polos-c-10a-marca-siemens\/"},"modified":"2026-04-24T16:57:26","modified_gmt":"2026-04-24T16:57:26","slug":"interruptor-termomagnetico-2-polos-c-10a-marca-siemens","status":"publish","type":"product","link":"https:\/\/dicisasureste.mx\/tienda\/producto\/interruptor-termomagnetico-2-polos-c-10a-marca-siemens\/","title":{"rendered":"Interruptor termomagn\u00e9tico, 2 polos, C, 10A, Marca Siemens"},"content":{"rendered":"<p>Autom\u00e1tico magnetot\u00e9rmico 400V 6kA, 2 polos, C, 10A, T=70 mm El autom\u00e1tico magnetot\u00e9rmico es el fusible autom\u00e1tico para la protecci\u00f3n contra cortocircuitos.   www.siemens.de\/leitungsschutzschalter. Siemens ofrece una gama de productos homog\u00e9nea y completa para una infraestructura el\u00e9ctrica segura y eficiente en edificios y locales industriales, con aparatos de protecci\u00f3n, aparatos de maniobra, aparatos de medida y vigilancia, y armarios de distribuci\u00f3n, as\u00ed como interruptores y tomas de corriente.<\/p>\n","protected":false},"excerpt":{"rendered":"<p>Siemens 5SY62107 Autom\u00e1tico magnetot\u00e9rmico, 400 V, Icn: 6 kA, 2P, Icu: 15 kA, curva C, In: 10 A<\/p>\n","protected":false},"featured_media":1879,"comment_status":"closed","ping_status":"open","template":"","meta":[],"product_brand":[],"product_cat":[217],"product_tag":[219],"class_list":{"0":"post-39192","1":"product","2":"type-product","3":"status-publish","4":"has-post-thumbnail","6":"product_cat-siemens","7":"product_tag-distribucion","9":"first","10":"outofstock","11":"purchasable","12":"product-type-simple"},"_links":{"self":[{"href":"https:\/\/dicisasureste.mx\/tienda\/wp-json\/wp\/v2\/product\/39192","targetHints":{"allow":["GET"]}}],"collection":[{"href":"https:\/\/dicisasureste.mx\/tienda\/wp-json\/wp\/v2\/product"}],"about":[{"href":"https:\/\/dicisasureste.mx\/tienda\/wp-json\/wp\/v2\/types\/product"}],"replies":[{"embeddable":true,"href":"https:\/\/dicisasureste.mx\/tienda\/wp-json\/wp\/v2\/comments?post=39192"}],"wp:featuredmedia":[{"embeddable":true,"href":"https:\/\/dicisasureste.mx\/tienda\/wp-json\/wp\/v2\/media\/1879"}],"wp:attachment":[{"href":"https:\/\/dicisasureste.mx\/tienda\/wp-json\/wp\/v2\/media?parent=39192"}],"wp:term":[{"taxonomy":"product_brand","embeddable":true,"href":"https:\/\/dicisasureste.mx\/tienda\/wp-json\/wp\/v2\/product_brand?post=39192"},{"taxonomy":"product_cat","embeddable":true,"href":"https:\/\/dicisasureste.mx\/tienda\/wp-json\/wp\/v2\/product_cat?post=39192"},{"taxonomy":"product_tag","embeddable":true,"href":"https:\/\/dicisasureste.mx\/tienda\/wp-json\/wp\/v2\/product_tag?post=39192"}],"curies":[{"name":"wp","href":"https:\/\/api.w.org\/{rel}","templated":true}]}}