{"id":38183,"date":"2026-04-24T16:43:12","date_gmt":"2026-04-24T16:43:12","guid":{"rendered":"https:\/\/dicisasureste.mx\/tienda\/producto\/arrancador-de-motor-sin-inversion-tamano-0-tensio-3\/"},"modified":"2026-04-24T16:43:12","modified_gmt":"2026-04-24T16:43:12","slug":"arrancador-de-motor-sin-inversion-tamano-0-tensio-3","status":"publish","type":"product","link":"https:\/\/dicisasureste.mx\/tienda\/producto\/arrancador-de-motor-sin-inversion-tamano-0-tensio-3\/","title":{"rendered":"Arrancador de motor sin inversi\u00f3n, Tama\u00f1o 0 Tensi\u00f3"},"content":{"rendered":"<p>Arrancador de motor sin inversi\u00f3n, Tama\u00f1o 0 Tensi\u00f3n plena trif\u00e1sica rel\u00e9 de sobrecarga de estado s\u00f3lido Rango amp. rel\u00e9 sobr. 3-12A 220-240\/440-480 V AC 60 Hz, bobina Tipo de combinaci\u00f3n General Purpose para interiores,<\/p>\n","protected":false},"excerpt":{"rendered":"<p>Arrancador de motor sin inversi\u00f3n, Tama\u00f1o 0 Tensi\u00f3n plena trif\u00e1sica rel\u00e9 de sobrecarga de estado s\u00f3lido Rango amp. rel\u00e9 sobr. 3-12A 220-240\/440-480 V. US214CUC32BC Siemens.<\/p>\n","protected":false},"featured_media":6709,"comment_status":"closed","ping_status":"open","template":"","meta":[],"product_brand":[],"product_cat":[217],"product_tag":[218],"class_list":{"0":"post-38183","1":"product","2":"type-product","3":"status-publish","4":"has-post-thumbnail","6":"product_cat-siemens","7":"product_tag-control","9":"first","10":"instock","11":"purchasable","12":"product-type-simple"},"_links":{"self":[{"href":"https:\/\/dicisasureste.mx\/tienda\/wp-json\/wp\/v2\/product\/38183","targetHints":{"allow":["GET"]}}],"collection":[{"href":"https:\/\/dicisasureste.mx\/tienda\/wp-json\/wp\/v2\/product"}],"about":[{"href":"https:\/\/dicisasureste.mx\/tienda\/wp-json\/wp\/v2\/types\/product"}],"replies":[{"embeddable":true,"href":"https:\/\/dicisasureste.mx\/tienda\/wp-json\/wp\/v2\/comments?post=38183"}],"wp:featuredmedia":[{"embeddable":true,"href":"https:\/\/dicisasureste.mx\/tienda\/wp-json\/wp\/v2\/media\/6709"}],"wp:attachment":[{"href":"https:\/\/dicisasureste.mx\/tienda\/wp-json\/wp\/v2\/media?parent=38183"}],"wp:term":[{"taxonomy":"product_brand","embeddable":true,"href":"https:\/\/dicisasureste.mx\/tienda\/wp-json\/wp\/v2\/product_brand?post=38183"},{"taxonomy":"product_cat","embeddable":true,"href":"https:\/\/dicisasureste.mx\/tienda\/wp-json\/wp\/v2\/product_cat?post=38183"},{"taxonomy":"product_tag","embeddable":true,"href":"https:\/\/dicisasureste.mx\/tienda\/wp-json\/wp\/v2\/product_tag?post=38183"}],"curies":[{"name":"wp","href":"https:\/\/api.w.org\/{rel}","templated":true}]}}